{"id":21,"date":"2014-07-22T23:39:08","date_gmt":"2014-07-22T23:39:08","guid":{"rendered":"http:\/\/france-energy.com\/?page_id=21"},"modified":"2016-03-25T14:49:46","modified_gmt":"2016-03-25T14:49:46","slug":"le-groupe","status":"publish","type":"page","link":"https:\/\/france-energy.com\/?page_id=21","title":{"rendered":"L&rsquo;isolation"},"content":{"rendered":"<p>L\u2019isolation limite les d\u00e9perditions thermiques de la maison.<br \/>\nDes murs au sol, des fen\u00eatres \u00e0 la toiture, c\u2019est l\u2019int\u00e9gralit\u00e9 de la construction qui doit \u00eatre r\u00e9fl\u00e9chie.<br \/>\nL\u2019objectif ? Confort, \u00e9conomies d\u2019\u00e9nergie et limitation des gaz \u00e0 effet de serre.<\/p>\n<p>Une solution thermique : les combles sont un espace d\u2019air donc la chaleur monte automatiquement par le ph\u00e9nom\u00e8ne de convection. En isolant vos combles, vous allez permettre \u00e0 la chaleur de rester \u00e0 l\u2019int\u00e9rieur de votre maison.<br \/>\nUne solution \u00e9conomique : gr\u00e2ce \u00e0 l\u2019isolation de vos combles, vous allez faire des \u00e9conomies de chauffage, car votre habitat sera prot\u00e9g\u00e9 contre le froid et cela conservera la chaleur dans vos pi\u00e8ces.<br \/>\nUne solution acoustique : avec ce syst\u00e8me, vous aurez une absorption acoustique optimale, ce qui vous apportera un plus grand confort de vie.<br \/>\nUne solution environnementale : vous allez faire des \u00e9conomies de chauffage (gaz ou \u00e9lectricit\u00e9) et ainsi r\u00e9duire les \u00e9missions de gaz \u00e0 effet de serre.<\/p>\n<p><a href=\"http:\/\/france-energy.com\/wp-content\/uploads\/2014\/07\/images.jpg\"><img decoding=\"async\" loading=\"lazy\" class=\"alignnone size-full wp-image-15\" src=\"http:\/\/france-energy.com\/wp-content\/uploads\/2014\/07\/images.jpg\" alt=\"images\" width=\"333\" height=\"151\" srcset=\"https:\/\/france-energy.com\/wp-content\/uploads\/2014\/07\/images.jpg 333w, https:\/\/france-energy.com\/wp-content\/uploads\/2014\/07\/images-300x136.jpg 300w\" sizes=\"(max-width: 333px) 100vw, 333px\" \/><\/a><\/p>\n","protected":false},"excerpt":{"rendered":"<p>L\u2019isolation limite les d\u00e9perditions thermiques de la maison. Des murs au sol, des fen\u00eatres \u00e0 la toiture, c\u2019est l\u2019int\u00e9gralit\u00e9 de la construction qui doit \u00eatre r\u00e9fl\u00e9chie. L\u2019objectif ? Confort, \u00e9conomies d\u2019\u00e9nergie et limitation des gaz \u00e0 effet de serre. Une solution thermique : les combles sont un espace d\u2019air donc la chaleur monte automatiquement par [&hellip;]<\/p>\n","protected":false},"author":1,"featured_media":0,"parent":0,"menu_order":0,"comment_status":"open","ping_status":"open","template":"","meta":[],"_links":{"self":[{"href":"https:\/\/france-energy.com\/index.php?rest_route=\/wp\/v2\/pages\/21"}],"collection":[{"href":"https:\/\/france-energy.com\/index.php?rest_route=\/wp\/v2\/pages"}],"about":[{"href":"https:\/\/france-energy.com\/index.php?rest_route=\/wp\/v2\/types\/page"}],"author":[{"embeddable":true,"href":"https:\/\/france-energy.com\/index.php?rest_route=\/wp\/v2\/users\/1"}],"replies":[{"embeddable":true,"href":"https:\/\/france-energy.com\/index.php?rest_route=%2Fwp%2Fv2%2Fcomments&post=21"}],"version-history":[{"count":6,"href":"https:\/\/france-energy.com\/index.php?rest_route=\/wp\/v2\/pages\/21\/revisions"}],"predecessor-version":[{"id":197,"href":"https:\/\/france-energy.com\/index.php?rest_route=\/wp\/v2\/pages\/21\/revisions\/197"}],"wp:attachment":[{"href":"https:\/\/france-energy.com\/index.php?rest_route=%2Fwp%2Fv2%2Fmedia&parent=21"}],"curies":[{"name":"wp","href":"https:\/\/api.w.org\/{rel}","templated":true}]}}