{"id":221,"date":"2016-04-05T12:43:09","date_gmt":"2016-04-05T12:43:09","guid":{"rendered":"http:\/\/france-energy.com\/?page_id=221"},"modified":"2016-04-05T12:43:47","modified_gmt":"2016-04-05T12:43:47","slug":"les-avantages","status":"publish","type":"page","link":"https:\/\/france-energy.com\/?page_id=221","title":{"rendered":"Les avantages"},"content":{"rendered":"<p>&nbsp;<\/p>\n<p><a href=\"http:\/\/france-energy.com\/wp-content\/uploads\/2016\/04\/france-energy-fenetres1.png\"><img decoding=\"async\" loading=\"lazy\" class=\"alignnone size-full wp-image-224\" src=\"http:\/\/france-energy.com\/wp-content\/uploads\/2016\/04\/france-energy-fenetres1.png\" alt=\"france energy fenetres\" width=\"879\" height=\"243\" srcset=\"https:\/\/france-energy.com\/wp-content\/uploads\/2016\/04\/france-energy-fenetres1.png 879w, https:\/\/france-energy.com\/wp-content\/uploads\/2016\/04\/france-energy-fenetres1-300x82.png 300w\" sizes=\"(max-width: 879px) 100vw, 879px\" \/><\/a><\/p>\n<p><strong><span style=\"color: #339966;\">Economies d&rsquo;\u00e9nergie<\/span><\/strong><\/p>\n<p>Une bonne isolation thermique. C\u2019est jusqu\u2019\u00e0 40 % d\u2019\u00e9conomie sur vos d\u00e9penses de chauffage.<br \/>\nVotre confort est am\u00e9lior\u00e9 : chaleur constante et agr\u00e9able, disparition de l\u2019humidit\u00e9\u2026<\/p>\n<p><strong><span style=\"color: #339966;\">Isolation phonique<\/span><\/strong><\/p>\n<p>Les nuisances sonores sont consid\u00e9r\u00e9es par une majorit\u00e9 de fran\u00e7ais comme une pollution majeure.<br \/>\nElles sont causes d\u2019insomnie, de stress, de nervosit\u00e9 et autres pathologies.<\/p>\n<p><span style=\"color: #339966;\"><b>S\u00e9curit\u00e9 des ouvertures<\/b><\/span><\/p>\n<p>Selon les statistiques, on compte en France, un cambriolage toutes les deux minutes.<br \/>\nPlus de 80 % des effractions seraient commises par les ouvertures. En revanche, en moyenne,<br \/>\nun cambrioleur abandonne au bout de cinq minutes s\u2019il rencontre une difficult\u00e9 \u00e0 forcer l\u2019ouverture.<br \/>\nIl convient donc de renforcer efficacement la s\u00e9curit\u00e9 de votre habitation.<\/p>\n<p><strong><span style=\"color: #339966;\">Confort<\/span><\/strong><\/p>\n<p>Pour \u00e9viter des manipulations lourdes, gagner en luminosit\u00e9 ou en confort, b\u00e9n\u00e9ficier d\u2019une chaleur agr\u00e9able,<br \/>\nles produits, accessoires et mat\u00e9riaux propos\u00e9s vous facilitent la vie : commandes \u00e0 distance, mat\u00e9riaux ne<br \/>\nn\u00e9cessitant aucun entretien, stores ext\u00e9rieurs, volets roulants, ouvertures oscillo-battantes, chauffage central<br \/>\nsans chaudi\u00e8re\u2026Faites entrer le progr\u00e8s dans votre maison !<\/p>\n<p><strong><span style=\"color: #339966;\">Esth\u00e9tique<\/span><\/strong><\/p>\n<p>Des finitions impeccables tant \u00e0 l\u2019int\u00e9rieur qu\u2019\u00e0 l\u2019ext\u00e9rieur, le respect de vos go\u00fbts personnels adapt\u00e9s<br \/>\n\u00e0 ceux de votre r\u00e9gion ou de votre fa\u00e7ade.<br \/>\nAutant de param\u00e8tres qui contribuent \u00e0 int\u00e9grer votre habitat dans son environnement<br \/>\navec bonheur et distinction.<\/p>\n<p><span style=\"color: #339966;\"><strong>Valeur du patrimoine<\/strong><\/span><\/p>\n<p>La r\u00e9novation r\u00e9guli\u00e8re de votre habitat \u00e9vite \u00e0 moyen terme des travaux bien plus co\u00fbteux.<br \/>\nUn bien immobilier entretenu prend de la valeur. Profiter longtemps de votre habitation principale ou secondaire.<\/p>\n","protected":false},"excerpt":{"rendered":"<p>&nbsp; Economies d&rsquo;\u00e9nergie Une bonne isolation thermique. C\u2019est jusqu\u2019\u00e0 40 % d\u2019\u00e9conomie sur vos d\u00e9penses de chauffage. Votre confort est am\u00e9lior\u00e9 : chaleur constante et agr\u00e9able, disparition de l\u2019humidit\u00e9\u2026 Isolation phonique Les nuisances sonores sont consid\u00e9r\u00e9es par une majorit\u00e9 de fran\u00e7ais comme une pollution majeure. Elles sont causes d\u2019insomnie, de stress, de nervosit\u00e9 et autres [&hellip;]<\/p>\n","protected":false},"author":1,"featured_media":0,"parent":0,"menu_order":0,"comment_status":"open","ping_status":"open","template":"","meta":[],"_links":{"self":[{"href":"https:\/\/france-energy.com\/index.php?rest_route=\/wp\/v2\/pages\/221"}],"collection":[{"href":"https:\/\/france-energy.com\/index.php?rest_route=\/wp\/v2\/pages"}],"about":[{"href":"https:\/\/france-energy.com\/index.php?rest_route=\/wp\/v2\/types\/page"}],"author":[{"embeddable":true,"href":"https:\/\/france-energy.com\/index.php?rest_route=\/wp\/v2\/users\/1"}],"replies":[{"embeddable":true,"href":"https:\/\/france-energy.com\/index.php?rest_route=%2Fwp%2Fv2%2Fcomments&post=221"}],"version-history":[{"count":2,"href":"https:\/\/france-energy.com\/index.php?rest_route=\/wp\/v2\/pages\/221\/revisions"}],"predecessor-version":[{"id":225,"href":"https:\/\/france-energy.com\/index.php?rest_route=\/wp\/v2\/pages\/221\/revisions\/225"}],"wp:attachment":[{"href":"https:\/\/france-energy.com\/index.php?rest_route=%2Fwp%2Fv2%2Fmedia&parent=221"}],"curies":[{"name":"wp","href":"https:\/\/api.w.org\/{rel}","templated":true}]}}