{"id":229,"date":"2016-04-05T12:52:37","date_gmt":"2016-04-05T12:52:37","guid":{"rendered":"http:\/\/france-energy.com\/?page_id=229"},"modified":"2016-04-05T13:18:15","modified_gmt":"2016-04-05T13:18:15","slug":"les-fenetres","status":"publish","type":"page","link":"https:\/\/france-energy.com\/?page_id=229","title":{"rendered":"Les fen\u00eatres PVC"},"content":{"rendered":"<p>\u2022 Profil\u00e9s de 5 chambres avec isolation thermique renforc\u00e9e<br \/>\n\u2022 Profil\u00e9s de 70 mm ou plus<br \/>\n\u2022 Vitrage faiblement \u00e9missif avec gaz argon<br \/>\n\u2022 Dispositif anti-soul\u00e8vement avec galets \u00ab champignon \u00bb<br \/>\n\u2022 Syst\u00e8me de fermeture \u00e0 multi-points<br \/>\n\u2022 Renvoi d\u2019angle<br \/>\n\u2022 Renfort en acier galvanis\u00e9<br \/>\n\u2022 Pas d\u2019entretien<\/p>\n<p><a href=\"http:\/\/france-energy.com\/wp-content\/uploads\/2016\/04\/fenetre_pvc_design5-271x300.jpg\"><img decoding=\"async\" loading=\"lazy\" class=\"alignnone  wp-image-230\" src=\"http:\/\/france-energy.com\/wp-content\/uploads\/2016\/04\/fenetre_pvc_design5-271x300.jpg\" alt=\"fenetre_pvc_design5-271x300\" width=\"238\" height=\"263\" \/><\/a><\/p>\n<p>Les profils France Energy sont plus rigides et plus minces :<\/p>\n<p>ils disposent d\u2019une profondeur qui autorise des renforts internes<br \/>\ndont le r\u00f4le est d\u2019affiner les ch\u00e2ssis pour offrir une plus grande<br \/>\nsurface vitr\u00e9e et une plus grande r\u00e9sistance.<\/p>\n<p>&nbsp;<\/p>\n<p>Nos fen\u00eatres en PVC font l\u2019objet de contr\u00f4les stricts et r\u00e9pondent aux<br \/>\nexigences telles que la perm\u00e9abilit\u00e9 \u00e0 l\u2019air, l\u2019\u00e9tanch\u00e9it\u00e9 \u00e0 l\u2019eau, et la r\u00e9sistance au vent.<\/p>\n<p><a href=\"http:\/\/france-energy.com\/wp-content\/uploads\/2016\/04\/formes-fenetres.png\"><img decoding=\"async\" loading=\"lazy\" class=\"alignnone size-full wp-image-231\" src=\"http:\/\/france-energy.com\/wp-content\/uploads\/2016\/04\/formes-fenetres.png\" alt=\"formes-fenetres\" width=\"548\" height=\"528\" srcset=\"https:\/\/france-energy.com\/wp-content\/uploads\/2016\/04\/formes-fenetres.png 548w, https:\/\/france-energy.com\/wp-content\/uploads\/2016\/04\/formes-fenetres-300x289.png 300w\" sizes=\"(max-width: 548px) 100vw, 548px\" \/><\/a><\/p>\n<p><a href=\"http:\/\/france-energy.com\/wp-content\/uploads\/2016\/04\/photo-site-fenetres1.png\"><img decoding=\"async\" loading=\"lazy\" class=\"alignnone size-full wp-image-232\" src=\"http:\/\/france-energy.com\/wp-content\/uploads\/2016\/04\/photo-site-fenetres1.png\" alt=\"photo-site-fenetres1\" width=\"650\" height=\"942\" srcset=\"https:\/\/france-energy.com\/wp-content\/uploads\/2016\/04\/photo-site-fenetres1.png 650w, https:\/\/france-energy.com\/wp-content\/uploads\/2016\/04\/photo-site-fenetres1-207x300.png 207w\" sizes=\"(max-width: 650px) 100vw, 650px\" \/><\/a><\/p>\n<p>&nbsp;<\/p>\n<p>&nbsp;<\/p>\n","protected":false},"excerpt":{"rendered":"<p>\u2022 Profil\u00e9s de 5 chambres avec isolation thermique renforc\u00e9e \u2022 Profil\u00e9s de 70 mm ou plus \u2022 Vitrage faiblement \u00e9missif avec gaz argon \u2022 Dispositif anti-soul\u00e8vement avec galets \u00ab champignon \u00bb \u2022 Syst\u00e8me de fermeture \u00e0 multi-points \u2022 Renvoi d\u2019angle \u2022 Renfort en acier galvanis\u00e9 \u2022 Pas d\u2019entretien Les profils France Energy sont plus rigides [&hellip;]<\/p>\n","protected":false},"author":1,"featured_media":0,"parent":0,"menu_order":0,"comment_status":"open","ping_status":"open","template":"","meta":[],"_links":{"self":[{"href":"https:\/\/france-energy.com\/index.php?rest_route=\/wp\/v2\/pages\/229"}],"collection":[{"href":"https:\/\/france-energy.com\/index.php?rest_route=\/wp\/v2\/pages"}],"about":[{"href":"https:\/\/france-energy.com\/index.php?rest_route=\/wp\/v2\/types\/page"}],"author":[{"embeddable":true,"href":"https:\/\/france-energy.com\/index.php?rest_route=\/wp\/v2\/users\/1"}],"replies":[{"embeddable":true,"href":"https:\/\/france-energy.com\/index.php?rest_route=%2Fwp%2Fv2%2Fcomments&post=229"}],"version-history":[{"count":2,"href":"https:\/\/france-energy.com\/index.php?rest_route=\/wp\/v2\/pages\/229\/revisions"}],"predecessor-version":[{"id":283,"href":"https:\/\/france-energy.com\/index.php?rest_route=\/wp\/v2\/pages\/229\/revisions\/283"}],"wp:attachment":[{"href":"https:\/\/france-energy.com\/index.php?rest_route=%2Fwp%2Fv2%2Fmedia&parent=229"}],"curies":[{"name":"wp","href":"https:\/\/api.w.org\/{rel}","templated":true}]}}