{"id":234,"date":"2016-04-05T12:55:07","date_gmt":"2016-04-05T12:55:07","guid":{"rendered":"http:\/\/france-energy.com\/?page_id=234"},"modified":"2016-04-21T14:04:43","modified_gmt":"2016-04-21T14:04:43","slug":"les-fenetres-bois-et-velux","status":"publish","type":"page","link":"https:\/\/france-energy.com\/?page_id=234","title":{"rendered":"Les fen\u00eatres bois et velux"},"content":{"rendered":"<p>La vari\u00e9t\u00e9 des essences de bois permet d\u2019int\u00e9grer \u00e0 l\u2019environnement vos fen\u00eatres de fa\u00e7on<br \/>\nharmonieuse. Une fen\u00eatre en bois apporte une note incomparable d\u2019authenticit\u00e9 et de chaleur<br \/>\n\u00e0 votre habitation.<\/p>\n<p>Pour vos menuiseries, portes-et fen\u00eatres,<br \/>\nEquip\u2019Energy vous offre au choix trois vari\u00e9t\u00e9s de bois s\u00e9lectionn\u00e9es parmi les plus prestigieuses en terme de long\u00e9vit\u00e9 et<br \/>\nd\u2019esth\u00e9tisme :<\/p>\n<p>Le pin<br \/>\nLe bois exotique<br \/>\nLe ch\u00eane de France<br \/>\nLe m\u00e9l\u00e8ze<\/p>\n<p>Tous les bois sont trait\u00e9s IFH (Insecticide,<br \/>\nFongicide, Hydrofuge), ce qui assure une<br \/>\nexcellente r\u00e9sistance de vos fen\u00eatres dans<br \/>\nle temps.<\/p>\n<p>Les finitions de nos fen\u00eatres en bois<br \/>\nsont au choix :<br \/>\nteinte naturelle, laquage couleur\u2026<\/p>\n<p><a href=\"http:\/\/france-energy.com\/wp-content\/uploads\/2016\/04\/images-1.jpeg\"><img decoding=\"async\" loading=\"lazy\" class=\"alignnone size-full wp-image-235\" src=\"http:\/\/france-energy.com\/wp-content\/uploads\/2016\/04\/images-1.jpeg\" alt=\"images-1\" width=\"225\" height=\"224\" srcset=\"https:\/\/france-energy.com\/wp-content\/uploads\/2016\/04\/images-1.jpeg 225w, https:\/\/france-energy.com\/wp-content\/uploads\/2016\/04\/images-1-150x150.jpeg 150w\" sizes=\"(max-width: 225px) 100vw, 225px\" \/><\/a><a href=\"http:\/\/france-energy.com\/wp-content\/uploads\/2016\/04\/images-2.jpeg\"><img decoding=\"async\" loading=\"lazy\" class=\"alignnone size-full wp-image-236\" src=\"http:\/\/france-energy.com\/wp-content\/uploads\/2016\/04\/images-2.jpeg\" alt=\"images-2\" width=\"226\" height=\"223\" \/><\/a><\/p>\n<p><a href=\"http:\/\/france-energy.com\/wp-content\/uploads\/2016\/04\/velux1.png\"><img decoding=\"async\" loading=\"lazy\" class=\"alignnone size-full wp-image-237\" src=\"http:\/\/france-energy.com\/wp-content\/uploads\/2016\/04\/velux1.png\" alt=\"velux1\" width=\"390\" height=\"48\" srcset=\"https:\/\/france-energy.com\/wp-content\/uploads\/2016\/04\/velux1.png 390w, https:\/\/france-energy.com\/wp-content\/uploads\/2016\/04\/velux1-300x36.png 300w\" sizes=\"(max-width: 390px) 100vw, 390px\" \/><\/a><\/p>\n<p><a href=\"http:\/\/france-energy.com\/wp-content\/uploads\/2016\/04\/tableau-remplacement.png\"><img decoding=\"async\" loading=\"lazy\" class=\"alignnone size-full wp-image-238\" src=\"http:\/\/france-energy.com\/wp-content\/uploads\/2016\/04\/tableau-remplacement.png\" alt=\"tableau-remplacement\" width=\"774\" height=\"395\" srcset=\"https:\/\/france-energy.com\/wp-content\/uploads\/2016\/04\/tableau-remplacement.png 774w, https:\/\/france-energy.com\/wp-content\/uploads\/2016\/04\/tableau-remplacement-300x153.png 300w\" sizes=\"(max-width: 774px) 100vw, 774px\" \/><\/a><\/p>\n<p><a href=\"http:\/\/france-energy.com\/wp-content\/uploads\/2016\/04\/50903-3781071.jpg\"><img decoding=\"async\" loading=\"lazy\" class=\"alignnone  wp-image-345\" src=\"http:\/\/france-energy.com\/wp-content\/uploads\/2016\/04\/50903-3781071.jpg\" alt=\"50903-3781071\" width=\"772\" height=\"579\" srcset=\"https:\/\/france-energy.com\/wp-content\/uploads\/2016\/04\/50903-3781071.jpg 1024w, https:\/\/france-energy.com\/wp-content\/uploads\/2016\/04\/50903-3781071-300x225.jpg 300w\" sizes=\"(max-width: 772px) 100vw, 772px\" \/><\/a><\/p>\n<p><a href=\"http:\/\/france-energy.com\/wp-content\/uploads\/2016\/04\/Velux-05Modif.jpg\"><img decoding=\"async\" loading=\"lazy\" class=\"alignnone  wp-image-347\" src=\"http:\/\/france-energy.com\/wp-content\/uploads\/2016\/04\/Velux-05Modif.jpg\" alt=\"Velux-05Modif\" width=\"767\" height=\"431\" srcset=\"https:\/\/france-energy.com\/wp-content\/uploads\/2016\/04\/Velux-05Modif.jpg 1920w, https:\/\/france-energy.com\/wp-content\/uploads\/2016\/04\/Velux-05Modif-300x168.jpg 300w, https:\/\/france-energy.com\/wp-content\/uploads\/2016\/04\/Velux-05Modif-1024x576.jpg 1024w\" sizes=\"(max-width: 767px) 100vw, 767px\" \/><\/a><\/p>\n","protected":false},"excerpt":{"rendered":"<p>La vari\u00e9t\u00e9 des essences de bois permet d\u2019int\u00e9grer \u00e0 l\u2019environnement vos fen\u00eatres de fa\u00e7on harmonieuse. Une fen\u00eatre en bois apporte une note incomparable d\u2019authenticit\u00e9 et de chaleur \u00e0 votre habitation. Pour vos menuiseries, portes-et fen\u00eatres, Equip\u2019Energy vous offre au choix trois vari\u00e9t\u00e9s de bois s\u00e9lectionn\u00e9es parmi les plus prestigieuses en terme de long\u00e9vit\u00e9 et d\u2019esth\u00e9tisme [&hellip;]<\/p>\n","protected":false},"author":1,"featured_media":0,"parent":0,"menu_order":0,"comment_status":"open","ping_status":"open","template":"","meta":[],"_links":{"self":[{"href":"https:\/\/france-energy.com\/index.php?rest_route=\/wp\/v2\/pages\/234"}],"collection":[{"href":"https:\/\/france-energy.com\/index.php?rest_route=\/wp\/v2\/pages"}],"about":[{"href":"https:\/\/france-energy.com\/index.php?rest_route=\/wp\/v2\/types\/page"}],"author":[{"embeddable":true,"href":"https:\/\/france-energy.com\/index.php?rest_route=\/wp\/v2\/users\/1"}],"replies":[{"embeddable":true,"href":"https:\/\/france-energy.com\/index.php?rest_route=%2Fwp%2Fv2%2Fcomments&post=234"}],"version-history":[{"count":3,"href":"https:\/\/france-energy.com\/index.php?rest_route=\/wp\/v2\/pages\/234\/revisions"}],"predecessor-version":[{"id":348,"href":"https:\/\/france-energy.com\/index.php?rest_route=\/wp\/v2\/pages\/234\/revisions\/348"}],"wp:attachment":[{"href":"https:\/\/france-energy.com\/index.php?rest_route=%2Fwp%2Fv2%2Fmedia&parent=234"}],"curies":[{"name":"wp","href":"https:\/\/api.w.org\/{rel}","templated":true}]}}