{"id":244,"date":"2016-04-05T13:00:12","date_gmt":"2016-04-05T13:00:12","guid":{"rendered":"http:\/\/france-energy.com\/?page_id=244"},"modified":"2016-04-05T13:00:12","modified_gmt":"2016-04-05T13:00:12","slug":"les-volets-roulants","status":"publish","type":"page","link":"https:\/\/france-energy.com\/?page_id=244","title":{"rendered":"Les volets roulants"},"content":{"rendered":"<p>\u2022 Le coffre<br \/>\n\u2022 Le tablier<br \/>\n\u2022 Les coulisses<br \/>\n\u2022 La lame finale<br \/>\n\u2022 Les man\u0153uvres (manuelle ou \u00e9lectrique)<br \/>\n\u2022 Le verrouillage automatique ou manuel<br \/>\n\u2022 Syst\u00e8me anti-soul\u00e8vement gr\u00e2ce au verrou<br \/>\nautomatique (limite le soul\u00e8vement du tablier de l\u2019ext\u00e9rieur quand celui-ci est baiss\u00e9)<br \/>\n\u2022 Option moustiquaire : votre moustiquaire est int\u00e9gr\u00e9e dans le coffre du volet roulant. Ouvrez et fermez l\u2019un ou l\u2019autre<br \/>\n\u2022 Prot\u00e8ge des insectes<br \/>\n\u2022 Laisse passer la lumi\u00e8re<br \/>\n\u2022 Les coulisses arrondies : design moderne<br \/>\n\u2022 Plusieurs coloris disponibles : Blanc, marron, rouge, bleu, vert\u2026 et ch\u00eane dor\u00e9<br \/>\n\u2022 Habillage de cintre (en aluminium coloris identique au volet)<\/p>\n<p><a href=\"http:\/\/france-energy.com\/wp-content\/uploads\/2016\/04\/voletroulant.jpg\"><img decoding=\"async\" loading=\"lazy\" class=\"alignnone size-full wp-image-245\" src=\"http:\/\/france-energy.com\/wp-content\/uploads\/2016\/04\/voletroulant.jpg\" alt=\"voletroulant\" width=\"700\" height=\"525\" srcset=\"https:\/\/france-energy.com\/wp-content\/uploads\/2016\/04\/voletroulant.jpg 700w, https:\/\/france-energy.com\/wp-content\/uploads\/2016\/04\/voletroulant-300x225.jpg 300w\" sizes=\"(max-width: 700px) 100vw, 700px\" \/><\/a><br \/>\n\u2022 Lames \u00e0 double paroi en aluminium extrud\u00e9 et inject\u00e9es de mousse polyur\u00e9thane haute densit\u00e9. \u2022 Isolation thermique et diminution du bruit.<br \/>\n\u2022 Double laquage au four pour une protection durable de l\u2019aluminium.<br \/>\n\u2022 Forte r\u00e9sistance au vieillissement.<br \/>\n\u2022 Moins de dilatation que le PVC en fonction de la temp\u00e9rature.<br \/>\n\u2022 Enroulement moins volumineux.<br \/>\n\u2022 Lames de couleur satin\u00e9e.<\/p>\n<p><a href=\"http:\/\/france-energy.com\/wp-content\/uploads\/2016\/04\/volets-1112.jpg\"><img decoding=\"async\" loading=\"lazy\" class=\"alignnone size-full wp-image-246\" src=\"http:\/\/france-energy.com\/wp-content\/uploads\/2016\/04\/volets-1112.jpg\" alt=\"volets-1112\" width=\"650\" height=\"299\" srcset=\"https:\/\/france-energy.com\/wp-content\/uploads\/2016\/04\/volets-1112.jpg 650w, https:\/\/france-energy.com\/wp-content\/uploads\/2016\/04\/volets-1112-300x138.jpg 300w\" sizes=\"(max-width: 650px) 100vw, 650px\" \/><\/a><\/p>\n<p><a href=\"http:\/\/france-energy.com\/wp-content\/uploads\/2016\/04\/manoeuvre1.jpg\"><img decoding=\"async\" loading=\"lazy\" class=\"alignnone size-full wp-image-247\" src=\"http:\/\/france-energy.com\/wp-content\/uploads\/2016\/04\/manoeuvre1.jpg\" alt=\"manoeuvre1\" width=\"650\" height=\"519\" srcset=\"https:\/\/france-energy.com\/wp-content\/uploads\/2016\/04\/manoeuvre1.jpg 650w, https:\/\/france-energy.com\/wp-content\/uploads\/2016\/04\/manoeuvre1-300x239.jpg 300w\" sizes=\"(max-width: 650px) 100vw, 650px\" \/><\/a><\/p>\n","protected":false},"excerpt":{"rendered":"<p>\u2022 Le coffre \u2022 Le tablier \u2022 Les coulisses \u2022 La lame finale \u2022 Les man\u0153uvres (manuelle ou \u00e9lectrique) \u2022 Le verrouillage automatique ou manuel \u2022 Syst\u00e8me anti-soul\u00e8vement gr\u00e2ce au verrou automatique (limite le soul\u00e8vement du tablier de l\u2019ext\u00e9rieur quand celui-ci est baiss\u00e9) \u2022 Option moustiquaire : votre moustiquaire est int\u00e9gr\u00e9e dans le coffre du [&hellip;]<\/p>\n","protected":false},"author":1,"featured_media":0,"parent":0,"menu_order":0,"comment_status":"open","ping_status":"open","template":"","meta":[],"_links":{"self":[{"href":"https:\/\/france-energy.com\/index.php?rest_route=\/wp\/v2\/pages\/244"}],"collection":[{"href":"https:\/\/france-energy.com\/index.php?rest_route=\/wp\/v2\/pages"}],"about":[{"href":"https:\/\/france-energy.com\/index.php?rest_route=\/wp\/v2\/types\/page"}],"author":[{"embeddable":true,"href":"https:\/\/france-energy.com\/index.php?rest_route=\/wp\/v2\/users\/1"}],"replies":[{"embeddable":true,"href":"https:\/\/france-energy.com\/index.php?rest_route=%2Fwp%2Fv2%2Fcomments&post=244"}],"version-history":[{"count":1,"href":"https:\/\/france-energy.com\/index.php?rest_route=\/wp\/v2\/pages\/244\/revisions"}],"predecessor-version":[{"id":248,"href":"https:\/\/france-energy.com\/index.php?rest_route=\/wp\/v2\/pages\/244\/revisions\/248"}],"wp:attachment":[{"href":"https:\/\/france-energy.com\/index.php?rest_route=%2Fwp%2Fv2%2Fmedia&parent=244"}],"curies":[{"name":"wp","href":"https:\/\/api.w.org\/{rel}","templated":true}]}}