{"id":252,"date":"2016-04-05T13:06:20","date_gmt":"2016-04-05T13:06:20","guid":{"rendered":"http:\/\/france-energy.com\/?page_id=252"},"modified":"2016-04-05T13:06:43","modified_gmt":"2016-04-05T13:06:43","slug":"les-portes-de-garage","status":"publish","type":"page","link":"https:\/\/france-energy.com\/?page_id=252","title":{"rendered":"Les portes de garage"},"content":{"rendered":"<p>Une porte de garage se doit avant tout d\u2019\u00eatre pratique et esth\u00e9tique.<br \/>\nNotre large gamme de portes de garage, toutes fabriqu\u00e9es enti\u00e8rement sur mesure,<br \/>\nest l\u00e0 pour r\u00e9pondre parfaitement \u00e0 vos besoins :<\/p>\n<p>La porte sectionnelle : Elle appartient \u00e0 la nouvelle g\u00e9n\u00e9ration de portes de garage<br \/>\n\u00e0 actionnement \u00e9lectrique. Elle offre un vrai plus en terme de s\u00e9curit\u00e9 et d\u2019isolation.<br \/>\nElle b\u00e9n\u00e9ficie par ailleurs de l\u2019option \u00ab portillon \u00bb qui facilite l\u2019acc\u00e8s au garage en<br \/>\nl\u2019absence de porte de service.<\/p>\n<p>La porte de garage enroulable est fabriqu\u00e9e sur mesure. Le tablier en aluminium de la porte<br \/>\nde garage s\u2019enroule dans un coffre au dessus du linteau laissant votre garage enti\u00e8rement libre.<br \/>\nLa porte de garage enroulable est \u00e9quip\u00e9e d\u2019une motorisation avec une manoeuvre de secours.<br \/>\nCommande radio, compris 2 \u00e9metteurs de poche et 1 bouton poussoir. La securit\u00e9 est assur\u00e9e par<br \/>\nune barre palpeuse, un dispositif anti-chute.<\/p>\n<p><a href=\"http:\/\/france-energy.com\/wp-content\/uploads\/2016\/04\/choix_couleur-pg.jpg\"><img decoding=\"async\" loading=\"lazy\" class=\"alignnone size-full wp-image-253\" src=\"http:\/\/france-energy.com\/wp-content\/uploads\/2016\/04\/choix_couleur-pg.jpg\" alt=\"choix_couleur-pg\" width=\"630\" height=\"368\" srcset=\"https:\/\/france-energy.com\/wp-content\/uploads\/2016\/04\/choix_couleur-pg.jpg 630w, https:\/\/france-energy.com\/wp-content\/uploads\/2016\/04\/choix_couleur-pg-300x175.jpg 300w\" sizes=\"(max-width: 630px) 100vw, 630px\" \/><\/a><\/p>\n<p><a href=\"http:\/\/france-energy.com\/wp-content\/uploads\/2016\/04\/refoulement-1.jpg\"><img decoding=\"async\" loading=\"lazy\" class=\"alignnone size-full wp-image-254\" src=\"http:\/\/france-energy.com\/wp-content\/uploads\/2016\/04\/refoulement-1.jpg\" alt=\"refoulement-1\" width=\"650\" height=\"184\" srcset=\"https:\/\/france-energy.com\/wp-content\/uploads\/2016\/04\/refoulement-1.jpg 650w, https:\/\/france-energy.com\/wp-content\/uploads\/2016\/04\/refoulement-1-300x84.jpg 300w\" sizes=\"(max-width: 650px) 100vw, 650px\" \/><\/a><\/p>\n<p><a href=\"http:\/\/france-energy.com\/wp-content\/uploads\/2016\/04\/Equipenergy-solutions-ecologiques-paris-energies-nouvelles-porte_garage5-300x227.jpg\"><img decoding=\"async\" loading=\"lazy\" class=\"alignnone size-full wp-image-255\" src=\"http:\/\/france-energy.com\/wp-content\/uploads\/2016\/04\/Equipenergy-solutions-ecologiques-paris-energies-nouvelles-porte_garage5-300x227.jpg\" alt=\"Equipenergy-solutions-ecologiques-paris-energies-nouvelles-porte_garage5-300x227\" width=\"300\" height=\"227\" \/><\/a>\u00a0 \u00a0<a href=\"http:\/\/france-energy.com\/wp-content\/uploads\/2016\/04\/Equipenergy-solutions-ecologiques-paris-energies-nouvelles-porte_garage4-300x238.jpg\"><img decoding=\"async\" loading=\"lazy\" class=\"alignnone  wp-image-256\" src=\"http:\/\/france-energy.com\/wp-content\/uploads\/2016\/04\/Equipenergy-solutions-ecologiques-paris-energies-nouvelles-porte_garage4-300x238.jpg\" alt=\"Equipenergy-solutions-ecologiques-paris-energies-nouvelles-porte_garage4-300x238\" width=\"285\" height=\"226\" \/><\/a><\/p>\n","protected":false},"excerpt":{"rendered":"<p>Une porte de garage se doit avant tout d\u2019\u00eatre pratique et esth\u00e9tique. Notre large gamme de portes de garage, toutes fabriqu\u00e9es enti\u00e8rement sur mesure, est l\u00e0 pour r\u00e9pondre parfaitement \u00e0 vos besoins : La porte sectionnelle : Elle appartient \u00e0 la nouvelle g\u00e9n\u00e9ration de portes de garage \u00e0 actionnement \u00e9lectrique. Elle offre un vrai plus [&hellip;]<\/p>\n","protected":false},"author":1,"featured_media":0,"parent":0,"menu_order":0,"comment_status":"open","ping_status":"open","template":"","meta":[],"_links":{"self":[{"href":"https:\/\/france-energy.com\/index.php?rest_route=\/wp\/v2\/pages\/252"}],"collection":[{"href":"https:\/\/france-energy.com\/index.php?rest_route=\/wp\/v2\/pages"}],"about":[{"href":"https:\/\/france-energy.com\/index.php?rest_route=\/wp\/v2\/types\/page"}],"author":[{"embeddable":true,"href":"https:\/\/france-energy.com\/index.php?rest_route=\/wp\/v2\/users\/1"}],"replies":[{"embeddable":true,"href":"https:\/\/france-energy.com\/index.php?rest_route=%2Fwp%2Fv2%2Fcomments&post=252"}],"version-history":[{"count":1,"href":"https:\/\/france-energy.com\/index.php?rest_route=\/wp\/v2\/pages\/252\/revisions"}],"predecessor-version":[{"id":257,"href":"https:\/\/france-energy.com\/index.php?rest_route=\/wp\/v2\/pages\/252\/revisions\/257"}],"wp:attachment":[{"href":"https:\/\/france-energy.com\/index.php?rest_route=%2Fwp%2Fv2%2Fmedia&parent=252"}],"curies":[{"name":"wp","href":"https:\/\/api.w.org\/{rel}","templated":true}]}}