{"id":57,"date":"2014-07-23T22:41:34","date_gmt":"2014-07-23T22:41:34","guid":{"rendered":"http:\/\/france-energy.com\/?page_id=57"},"modified":"2019-12-10T21:27:38","modified_gmt":"2019-12-10T21:27:38","slug":"les-services","status":"publish","type":"page","link":"https:\/\/france-energy.com\/?page_id=57","title":{"rendered":"Les services"},"content":{"rendered":"<p>De l\u2019\u00e9tude de votre projet \u00e0 sa r\u00e9alisation, nos \u00e9quipes mettent toutes<br \/>leurs comp\u00e9tences et leur savoir-faire \u00e0 votre service.<\/p>\n<p><span style=\"color: #339966;\"><strong>LE TECHNICIEN-CONSEIL<\/strong><\/span><\/p>\n<p>C\u2019est votre premier contact ; c\u2019est avec lui que vous d\u00e9finissez votre projet.<br \/>Il est aussi votre interlocuteur privil\u00e9gi\u00e9 pour toute la dur\u00e9e de sa r\u00e9alisation.<br \/>Il vous conseille sur le choix des produits, les solutions techniques et les options esth\u00e9tiques.<br \/>Il vous informe sur les solutions personnalis\u00e9es et les financements adapt\u00e9s \u00e0 votre budget<br \/><a href=\"http:\/\/france-energy.com\/wp-content\/uploads\/2014\/07\/conseiller-clientele.jpg\"><img decoding=\"async\" loading=\"lazy\" class=\"alignnone  wp-image-370\" src=\"http:\/\/france-energy.com\/wp-content\/uploads\/2014\/07\/conseiller-clientele.jpg\" alt=\"conseiller-clientele\" width=\"256\" height=\"166\" srcset=\"https:\/\/france-energy.com\/wp-content\/uploads\/2014\/07\/conseiller-clientele.jpg 430w, https:\/\/france-energy.com\/wp-content\/uploads\/2014\/07\/conseiller-clientele-300x194.jpg 300w\" sizes=\"(max-width: 256px) 100vw, 256px\" \/><\/a><\/p>\n<p><span style=\"color: #339966;\"><strong>LE M\u00c9TREUR<\/strong><\/span><\/p>\n<p>Son exp\u00e9rience et son regard d\u2019expert lui permettent de pr\u00e9parer et de contr\u00f4ler,<br \/>\u00e0 votre domicile, la nature exacte des travaux pr\u00e9vus.<br \/>Il prend les dimensions et se charge de la commande des produits aupr\u00e8s de nos usines.<br \/><a href=\"http:\/\/france-energy.com\/wp-content\/uploads\/2014\/07\/b58bfc_bd52f66e237d4b99ad6e495d4ed52692mv2.jpg\"><img decoding=\"async\" loading=\"lazy\" class=\"alignnone  wp-image-372\" src=\"http:\/\/france-energy.com\/wp-content\/uploads\/2014\/07\/b58bfc_bd52f66e237d4b99ad6e495d4ed52692mv2.jpg\" alt=\"b58bfc_bd52f66e237d4b99ad6e495d4ed52692~mv2\" width=\"258\" height=\"172\" srcset=\"https:\/\/france-energy.com\/wp-content\/uploads\/2014\/07\/b58bfc_bd52f66e237d4b99ad6e495d4ed52692mv2.jpg 626w, https:\/\/france-energy.com\/wp-content\/uploads\/2014\/07\/b58bfc_bd52f66e237d4b99ad6e495d4ed52692mv2-300x199.jpg 300w\" sizes=\"(max-width: 258px) 100vw, 258px\" \/><\/a><\/p>\n<p><span style=\"color: #339966;\"><strong>LES POSEURS<\/strong><\/span><\/p>\n<p>S\u00e9lectionn\u00e9s pour leurs comp\u00e9tences et leur savoir-faire, ils interviennent<br \/>dans le respect d\u2019une charte exclusive de qualit\u00e9.<br \/>Ils assurent la pose de vos produits sous le contr\u00f4le direct de notre responsable d\u2019installation.<br \/><a href=\"http:\/\/france-energy.com\/wp-content\/uploads\/2014\/07\/Installateur-de-pompe-\u00e0-chaleur.5a3fe432a99c8f5666b5945a4b8d4575.jpg\"><img decoding=\"async\" loading=\"lazy\" class=\"alignnone  wp-image-373\" src=\"http:\/\/france-energy.com\/wp-content\/uploads\/2014\/07\/Installateur-de-pompe-\u00e0-chaleur.5a3fe432a99c8f5666b5945a4b8d4575.jpg\" alt=\"Installateur de pompe \u00e0 chaleur.5a3fe432a99c8f5666b5945a4b8d4575\" width=\"255\" height=\"114\" srcset=\"https:\/\/france-energy.com\/wp-content\/uploads\/2014\/07\/Installateur-de-pompe-\u00e0-chaleur.5a3fe432a99c8f5666b5945a4b8d4575.jpg 897w, https:\/\/france-energy.com\/wp-content\/uploads\/2014\/07\/Installateur-de-pompe-\u00e0-chaleur.5a3fe432a99c8f5666b5945a4b8d4575-300x133.jpg 300w\" sizes=\"(max-width: 255px) 100vw, 255px\" \/><\/a><\/p>\n<p><span style=\"color: #339966;\"><strong>LE RESPONSABLES D&rsquo;INSTALLATION<\/strong><\/span><\/p>\n<p>Sa pr\u00e9sence est l\u2019un des atouts de qualit\u00e9 du groupe.<br \/>Il pr\u00e9pare les chantiers avec les \u00e9quipes de pose et contr\u00f4le la conformit\u00e9 des produits.<br \/><a href=\"http:\/\/france-energy.com\/wp-content\/uploads\/2014\/07\/conversion-chauffage-electrique-medium-192.jpg\"><img decoding=\"async\" loading=\"lazy\" class=\"alignnone  wp-image-374\" src=\"http:\/\/france-energy.com\/wp-content\/uploads\/2014\/07\/conversion-chauffage-electrique-medium-192.jpg\" alt=\"conversion-chauffage-electrique-medium-192\" width=\"255\" height=\"103\" srcset=\"https:\/\/france-energy.com\/wp-content\/uploads\/2014\/07\/conversion-chauffage-electrique-medium-192.jpg 690w, https:\/\/france-energy.com\/wp-content\/uploads\/2014\/07\/conversion-chauffage-electrique-medium-192-300x121.jpg 300w\" sizes=\"(max-width: 255px) 100vw, 255px\" \/><\/a><\/p>\n<p><span style=\"color: #339966;\"><strong>LE SERVICE SATISFACTION CLIENT<\/strong><\/span><\/p>\n<p>Il est en permanence \u00e0 votre \u00e9coute. Il assure aussi les visites de conformit\u00e9.<br \/>Vous pouvez le joindre en appelant le : 01 82 35 05 95<br \/><a href=\"http:\/\/france-energy.com\/wp-content\/uploads\/2014\/07\/hotesse-acceuil.jpg\"><img decoding=\"async\" loading=\"lazy\" class=\"alignnone  wp-image-375\" src=\"http:\/\/france-energy.com\/wp-content\/uploads\/2014\/07\/hotesse-acceuil.jpg\" alt=\"hotesse acceuil\" width=\"261\" height=\"113\" srcset=\"https:\/\/france-energy.com\/wp-content\/uploads\/2014\/07\/hotesse-acceuil.jpg 400w, https:\/\/france-energy.com\/wp-content\/uploads\/2014\/07\/hotesse-acceuil-300x129.jpg 300w\" sizes=\"(max-width: 261px) 100vw, 261px\" \/><\/a><\/p>\n<p><strong style=\"color: #339966;\">LE FINANCEMENT DE VOTRE PROJET<\/strong><\/p>\n<p>Pour plus de souplesse dans votre budget, France Energy vous propose aussi<br \/>des solutions sur mesure pour financer votre projet. Des conventions \u00e9tablies entre<br \/>France Energy et des partenaires de r\u00e9f\u00e9rence permettent \u00e0 nos clients d\u2019obtenir un accord<br \/>de financement sous 48 heures ainsi que des conditions privil\u00e9gi\u00e9es.<br \/>Votre Technicien-Conseil vous aidera \u00e0 trouver la solution la mieux adapt\u00e9e<br \/>\u00e0 votre projet et \u00e0 votre budget.<\/p>\n<p>\u00a0<\/p>\n\n\n<figure class=\"wp-block-image is-resized\"><img decoding=\"async\" loading=\"lazy\" src=\"http:\/\/france-energy.com\/wp-content\/uploads\/2019\/12\/Unknown.jpeg\" alt=\"\" class=\"wp-image-390\" width=\"230\" height=\"127\" srcset=\"https:\/\/france-energy.com\/wp-content\/uploads\/2019\/12\/Unknown.jpeg 302w, https:\/\/france-energy.com\/wp-content\/uploads\/2019\/12\/Unknown-300x166.jpeg 300w\" sizes=\"(max-width: 230px) 100vw, 230px\" \/><\/figure>\n","protected":false},"excerpt":{"rendered":"<p>De l\u2019\u00e9tude de votre projet \u00e0 sa r\u00e9alisation, nos \u00e9quipes mettent toutesleurs comp\u00e9tences et leur savoir-faire \u00e0 votre service. LE TECHNICIEN-CONSEIL C\u2019est votre premier contact ; c\u2019est avec lui que vous d\u00e9finissez votre projet.Il est aussi votre interlocuteur privil\u00e9gi\u00e9 pour toute la dur\u00e9e de sa r\u00e9alisation.Il vous conseille sur le choix des produits, les solutions [&hellip;]<\/p>\n","protected":false},"author":1,"featured_media":0,"parent":26,"menu_order":2,"comment_status":"open","ping_status":"open","template":"","meta":[],"_links":{"self":[{"href":"https:\/\/france-energy.com\/index.php?rest_route=\/wp\/v2\/pages\/57"}],"collection":[{"href":"https:\/\/france-energy.com\/index.php?rest_route=\/wp\/v2\/pages"}],"about":[{"href":"https:\/\/france-energy.com\/index.php?rest_route=\/wp\/v2\/types\/page"}],"author":[{"embeddable":true,"href":"https:\/\/france-energy.com\/index.php?rest_route=\/wp\/v2\/users\/1"}],"replies":[{"embeddable":true,"href":"https:\/\/france-energy.com\/index.php?rest_route=%2Fwp%2Fv2%2Fcomments&post=57"}],"version-history":[{"count":12,"href":"https:\/\/france-energy.com\/index.php?rest_route=\/wp\/v2\/pages\/57\/revisions"}],"predecessor-version":[{"id":392,"href":"https:\/\/france-energy.com\/index.php?rest_route=\/wp\/v2\/pages\/57\/revisions\/392"}],"up":[{"embeddable":true,"href":"https:\/\/france-energy.com\/index.php?rest_route=\/wp\/v2\/pages\/26"}],"wp:attachment":[{"href":"https:\/\/france-energy.com\/index.php?rest_route=%2Fwp%2Fv2%2Fmedia&parent=57"}],"curies":[{"name":"wp","href":"https:\/\/api.w.org\/{rel}","templated":true}]}}