{"id":71,"date":"2014-07-24T13:37:38","date_gmt":"2014-07-24T13:37:38","guid":{"rendered":"http:\/\/france-energy.com\/?page_id=71"},"modified":"2016-03-25T14:46:40","modified_gmt":"2016-03-25T14:46:40","slug":"la-laine-de-roche","status":"publish","type":"page","link":"https:\/\/france-energy.com\/?page_id=71","title":{"rendered":"La laine de roche et ouate de cellulose souffl\u00e9"},"content":{"rendered":"<p>Avec une mauvaise isolation des combles, une d\u00e9perdition de plus de 30% peut \u00eatre constat\u00e9e.<br \/>\nLa laine de roche propos\u00e9e par France Energy est l\u2019isolant naturel par excellence :<\/p>\n<p>fabriqu\u00e9e \u00e0 partir de roche volcanique, les transformations qu\u2019elle subit ensuite<br \/>\nlui conf\u00e8rent les performances fondamentales qu\u2019elle gardera tout au long de son cycle de vie.<br \/>\nLa laine de roche propos\u00e9e par France Energy est conforme aux<br \/>\nexigences en mati\u00e8re de sant\u00e9 publique.<br \/>\n<span style=\"color: #008000;\">\u2022 R\u00e9duire les consommations d\u2019\u00e9nergie<\/span><br \/>\n<span style=\"color: #008000;\">\u2022 Protection contre les variations thermiques d\u2019hiver et d\u2019\u00e9t\u00e9<\/span><br \/>\n<span style=\"color: #008000;\">\u2022 Protection contre le bruit<\/span><br \/>\n<span style=\"color: #008000;\">\u2022 Protection incendie<\/span><br \/>\n<span style=\"color: #008000;\">\u2022 Protection contre les dommages de l\u2019eau<\/span><br \/>\n<span style=\"color: #008000;\">\u2022 Pr\u00e9servation de l\u2019environnement<\/span><br \/>\n<span style=\"color: #008000;\">\u2022 Durabilit\u00e9<\/span><br \/>\n<span style=\"color: #008000;\">\u2022 R\u00e9sistance au vent<\/span><br \/>\n<span style=\"color: #008000;\">\u2022 R\u00e9sistance aux termites<\/span><\/p>\n<p><a href=\"http:\/\/france-energy.com\/wp-content\/uploads\/2014\/07\/IMG_1543.jpg\"><img decoding=\"async\" loading=\"lazy\" class=\"alignnone size-full wp-image-188\" src=\"http:\/\/france-energy.com\/wp-content\/uploads\/2014\/07\/IMG_1543.jpg\" alt=\"IMG_1543\" width=\"2000\" height=\"1500\" srcset=\"https:\/\/france-energy.com\/wp-content\/uploads\/2014\/07\/IMG_1543.jpg 2000w, https:\/\/france-energy.com\/wp-content\/uploads\/2014\/07\/IMG_1543-300x225.jpg 300w, https:\/\/france-energy.com\/wp-content\/uploads\/2014\/07\/IMG_1543-1024x768.jpg 1024w\" sizes=\"(max-width: 2000px) 100vw, 2000px\" \/><\/a><\/p>\n<p><a href=\"http:\/\/france-energy.com\/wp-content\/uploads\/2014\/07\/cropped-chantier02.png\"><img decoding=\"async\" loading=\"lazy\" class=\"alignnone size-full wp-image-194\" src=\"http:\/\/france-energy.com\/wp-content\/uploads\/2014\/07\/cropped-chantier02.png\" alt=\"cropped-chantier02\" width=\"1506\" height=\"585\" srcset=\"https:\/\/france-energy.com\/wp-content\/uploads\/2014\/07\/cropped-chantier02.png 1506w, https:\/\/france-energy.com\/wp-content\/uploads\/2014\/07\/cropped-chantier02-300x116.png 300w, https:\/\/france-energy.com\/wp-content\/uploads\/2014\/07\/cropped-chantier02-1024x397.png 1024w\" sizes=\"(max-width: 1506px) 100vw, 1506px\" \/><\/a><\/p>\n","protected":false},"excerpt":{"rendered":"<p>Avec une mauvaise isolation des combles, une d\u00e9perdition de plus de 30% peut \u00eatre constat\u00e9e. La laine de roche propos\u00e9e par France Energy est l\u2019isolant naturel par excellence : fabriqu\u00e9e \u00e0 partir de roche volcanique, les transformations qu\u2019elle subit ensuite lui conf\u00e8rent les performances fondamentales qu\u2019elle gardera tout au long de son cycle de vie. [&hellip;]<\/p>\n","protected":false},"author":1,"featured_media":0,"parent":21,"menu_order":1,"comment_status":"open","ping_status":"open","template":"","meta":[],"_links":{"self":[{"href":"https:\/\/france-energy.com\/index.php?rest_route=\/wp\/v2\/pages\/71"}],"collection":[{"href":"https:\/\/france-energy.com\/index.php?rest_route=\/wp\/v2\/pages"}],"about":[{"href":"https:\/\/france-energy.com\/index.php?rest_route=\/wp\/v2\/types\/page"}],"author":[{"embeddable":true,"href":"https:\/\/france-energy.com\/index.php?rest_route=\/wp\/v2\/users\/1"}],"replies":[{"embeddable":true,"href":"https:\/\/france-energy.com\/index.php?rest_route=%2Fwp%2Fv2%2Fcomments&post=71"}],"version-history":[{"count":9,"href":"https:\/\/france-energy.com\/index.php?rest_route=\/wp\/v2\/pages\/71\/revisions"}],"predecessor-version":[{"id":196,"href":"https:\/\/france-energy.com\/index.php?rest_route=\/wp\/v2\/pages\/71\/revisions\/196"}],"up":[{"embeddable":true,"href":"https:\/\/france-energy.com\/index.php?rest_route=\/wp\/v2\/pages\/21"}],"wp:attachment":[{"href":"https:\/\/france-energy.com\/index.php?rest_route=%2Fwp%2Fv2%2Fmedia&parent=71"}],"curies":[{"name":"wp","href":"https:\/\/api.w.org\/{rel}","templated":true}]}}