{"id":82,"date":"2014-07-24T14:32:12","date_gmt":"2014-07-24T14:32:12","guid":{"rendered":"http:\/\/france-energy.com\/?page_id=82"},"modified":"2022-11-29T01:44:43","modified_gmt":"2022-11-29T01:44:43","slug":"le-chauffage-resersible","status":"publish","type":"page","link":"https:\/\/france-energy.com\/?page_id=82","title":{"rendered":"Le chauffage r\u00e9versible"},"content":{"rendered":"<h2><span style=\"color: #008000;\">L\u2019unit\u00e9 ext\u00e9rieure<\/span><\/h2>\n<p>Le compresseur ext\u00e9rieur, c\u2019est le coeur du syst\u00e8me, situ\u00e9 \u00e0 l\u2019ext\u00e9rieur de votre habitation, \u00e0 m\u00eame<br \/>\nle sol ou en fa\u00e7ade, il r\u00e9cup\u00e8re les calories contenues dans l\u2019air. En hiver, ces calories sont<br \/>\ncompress\u00e9es pour produire de l\u2019air chaud. En \u00e9t\u00e9, les gaz sont d\u00e9tendus pour produire de l\u2019air frais.<a href=\"http:\/\/france-energy.com\/wp-content\/uploads\/2014\/07\/airwell-split-hhf18-2_5cv-dakar-senegal-2_2.jpg\"><img decoding=\"async\" loading=\"lazy\" class=\"alignnone  wp-image-161\" src=\"http:\/\/france-energy.com\/wp-content\/uploads\/2014\/07\/airwell-split-hhf18-2_5cv-dakar-senegal-2_2-300x300.jpg\" alt=\"airwell-split-hhf18-2_5cv-dakar-senegal-2_2\" width=\"250\" height=\"250\" srcset=\"https:\/\/france-energy.com\/wp-content\/uploads\/2014\/07\/airwell-split-hhf18-2_5cv-dakar-senegal-2_2-300x300.jpg 300w, https:\/\/france-energy.com\/wp-content\/uploads\/2014\/07\/airwell-split-hhf18-2_5cv-dakar-senegal-2_2-150x150.jpg 150w, https:\/\/france-energy.com\/wp-content\/uploads\/2014\/07\/airwell-split-hhf18-2_5cv-dakar-senegal-2_2-1024x1024.jpg 1024w, https:\/\/france-energy.com\/wp-content\/uploads\/2014\/07\/airwell-split-hhf18-2_5cv-dakar-senegal-2_2.jpg 1200w\" sizes=\"(max-width: 250px) 100vw, 250px\" \/><\/a><\/p>\n<h2><span style=\"color: #008000;\">2 \u2013 L\u2019unit\u00e9 murale<\/span><\/h2>\n<p>De faible encombrement, elle se place en partie sup\u00e9rieur sur le mur.<\/p>\n<h2><span style=\"color: #008000;\">3 \u2013 Les consoles \u00e0 poser<\/span><\/h2>\n<p>\u00c0 poser au sol, contre un mur, elles sont adapt\u00e9es aux grands volumes \u00e0 chauffer<br \/>\nou \u00e0 rafra\u00eechir, ou pour des pi\u00e8ces \u00e0 hauteur \u00e9lev\u00e9e de plafond.<\/p>\n<h2><span style=\"color: #008000;\"><img decoding=\"async\" loading=\"lazy\" class=\"alignnone  wp-image-162\" src=\"http:\/\/france-energy.com\/wp-content\/uploads\/2014\/07\/climatisation-split-airwell-eco-hkd09-9000btu-dakar-senegal-1-300x300.jpg\" alt=\"climatisation-split-airwell-eco-hkd09-9000btu-dakar-senegal-1\" width=\"236\" height=\"236\" srcset=\"https:\/\/france-energy.com\/wp-content\/uploads\/2014\/07\/climatisation-split-airwell-eco-hkd09-9000btu-dakar-senegal-1-300x300.jpg 300w, https:\/\/france-energy.com\/wp-content\/uploads\/2014\/07\/climatisation-split-airwell-eco-hkd09-9000btu-dakar-senegal-1-150x150.jpg 150w, https:\/\/france-energy.com\/wp-content\/uploads\/2014\/07\/climatisation-split-airwell-eco-hkd09-9000btu-dakar-senegal-1-1024x1024.jpg 1024w, https:\/\/france-energy.com\/wp-content\/uploads\/2014\/07\/climatisation-split-airwell-eco-hkd09-9000btu-dakar-senegal-1.jpg 1200w\" sizes=\"(max-width: 236px) 100vw, 236px\" \/><\/span><\/h2>\n<h2><span style=\"color: #008000;\">4 \u2013 La t\u00e9l\u00e9commande<\/span><\/h2>\n<p>Dot\u00e9e d\u2019un \u00e9cran \u00e0 cristaux liquides, vous contr\u00f4lez chaque unit\u00e9 ind\u00e9pendamment ou toutes<br \/>\nen m\u00eame temps et vous passez facilement du mode chauffage au mode rafraichissement sur<br \/>\nl\u2019ensemble de l\u2019installation.<\/p>\n<p><a href=\"http:\/\/france-energy.com\/wp-content\/uploads\/2014\/07\/Original-RC08A-font-b-ELECTRA-b-font-font-b-Air-b-font-font-b-Conditioner-b.jpg\"><img decoding=\"async\" loading=\"lazy\" class=\"alignnone  wp-image-163\" src=\"http:\/\/france-energy.com\/wp-content\/uploads\/2014\/07\/Original-RC08A-font-b-ELECTRA-b-font-font-b-Air-b-font-font-b-Conditioner-b-300x300.jpg\" alt=\"Original-RC08A-font-b-ELECTRA-b-font-font-b-Air-b-font-font-b-Conditioner-b\" width=\"228\" height=\"228\" srcset=\"https:\/\/france-energy.com\/wp-content\/uploads\/2014\/07\/Original-RC08A-font-b-ELECTRA-b-font-font-b-Air-b-font-font-b-Conditioner-b-300x300.jpg 300w, https:\/\/france-energy.com\/wp-content\/uploads\/2014\/07\/Original-RC08A-font-b-ELECTRA-b-font-font-b-Air-b-font-font-b-Conditioner-b-150x150.jpg 150w, https:\/\/france-energy.com\/wp-content\/uploads\/2014\/07\/Original-RC08A-font-b-ELECTRA-b-font-font-b-Air-b-font-font-b-Conditioner-b.jpg 1000w\" sizes=\"(max-width: 228px) 100vw, 228px\" \/><\/a><\/p>\n<p>Quelques r\u00e9alisations<\/p>\n<p><img decoding=\"async\" loading=\"lazy\" class=\"alignnone wp-image-588 \" src=\"http:\/\/france-energy.com\/wp-content\/uploads\/2022\/11\/thumbnail_IMG_8377-1.jpg\" alt=\"\" width=\"424\" height=\"321\" srcset=\"https:\/\/france-energy.com\/wp-content\/uploads\/2022\/11\/thumbnail_IMG_8377-1.jpg 891w, https:\/\/france-energy.com\/wp-content\/uploads\/2022\/11\/thumbnail_IMG_8377-1-300x228.jpg 300w, https:\/\/france-energy.com\/wp-content\/uploads\/2022\/11\/thumbnail_IMG_8377-1-768x583.jpg 768w\" sizes=\"(max-width: 424px) 100vw, 424px\" \/><\/p>\n<p><img decoding=\"async\" loading=\"lazy\" class=\"alignnone wp-image-589 \" src=\"http:\/\/france-energy.com\/wp-content\/uploads\/2022\/11\/thumbnail_IMG_8379-1.jpg\" alt=\"\" width=\"423\" height=\"506\" srcset=\"https:\/\/france-energy.com\/wp-content\/uploads\/2022\/11\/thumbnail_IMG_8379-1.jpg 720w, https:\/\/france-energy.com\/wp-content\/uploads\/2022\/11\/thumbnail_IMG_8379-1-251x300.jpg 251w\" sizes=\"(max-width: 423px) 100vw, 423px\" \/><\/p>\n","protected":false},"excerpt":{"rendered":"<p>L\u2019unit\u00e9 ext\u00e9rieure Le compresseur ext\u00e9rieur, c\u2019est le coeur du syst\u00e8me, situ\u00e9 \u00e0 l\u2019ext\u00e9rieur de votre habitation, \u00e0 m\u00eame le sol ou en fa\u00e7ade, il r\u00e9cup\u00e8re les calories contenues dans l\u2019air. En hiver, ces calories sont compress\u00e9es pour produire de l\u2019air chaud. En \u00e9t\u00e9, les gaz sont d\u00e9tendus pour produire de l\u2019air frais. 2 \u2013 L\u2019unit\u00e9 [&hellip;]<\/p>\n","protected":false},"author":1,"featured_media":13,"parent":28,"menu_order":2,"comment_status":"open","ping_status":"open","template":"","meta":[],"_links":{"self":[{"href":"https:\/\/france-energy.com\/index.php?rest_route=\/wp\/v2\/pages\/82"}],"collection":[{"href":"https:\/\/france-energy.com\/index.php?rest_route=\/wp\/v2\/pages"}],"about":[{"href":"https:\/\/france-energy.com\/index.php?rest_route=\/wp\/v2\/types\/page"}],"author":[{"embeddable":true,"href":"https:\/\/france-energy.com\/index.php?rest_route=\/wp\/v2\/users\/1"}],"replies":[{"embeddable":true,"href":"https:\/\/france-energy.com\/index.php?rest_route=%2Fwp%2Fv2%2Fcomments&post=82"}],"version-history":[{"count":10,"href":"https:\/\/france-energy.com\/index.php?rest_route=\/wp\/v2\/pages\/82\/revisions"}],"predecessor-version":[{"id":590,"href":"https:\/\/france-energy.com\/index.php?rest_route=\/wp\/v2\/pages\/82\/revisions\/590"}],"up":[{"embeddable":true,"href":"https:\/\/france-energy.com\/index.php?rest_route=\/wp\/v2\/pages\/28"}],"wp:featuredmedia":[{"embeddable":true,"href":"https:\/\/france-energy.com\/index.php?rest_route=\/wp\/v2\/media\/13"}],"wp:attachment":[{"href":"https:\/\/france-energy.com\/index.php?rest_route=%2Fwp%2Fv2%2Fmedia&parent=82"}],"curies":[{"name":"wp","href":"https:\/\/api.w.org\/{rel}","templated":true}]}}