{"id":84,"date":"2014-07-24T14:35:12","date_gmt":"2014-07-24T14:35:12","guid":{"rendered":"http:\/\/france-energy.com\/?page_id=84"},"modified":"2022-11-29T01:23:30","modified_gmt":"2022-11-29T01:23:30","slug":"la-pompe-a-chaleur-aireau","status":"publish","type":"page","link":"https:\/\/france-energy.com\/?page_id=84","title":{"rendered":"La pompe \u00e0 chaleur air\/eau"},"content":{"rendered":"<p>Termin\u00e9 les factures trop ch\u00e8res\u2026 Place \u00e0 l\u2019\u00e9nergie gratuite !<br \/>\nChauffer sa maison aujourd\u2019hui en utilisant l\u2019air en remplacement du gaz.<br \/>\nAucune modification de votre syst\u00e8me de chauffage existant.<br \/>\nFrance Energy propose une technologie de chauffage \u00e9conomique et \u00e9cologique<br \/>\npuisqu\u2019elle utilise une \u00e9nergie gratuite, in\u00e9puisable et<br \/>\nrenouvelable : l\u2019air ext\u00e9rieur !<\/p>\n<p>Une pompe \u00e0 chaleur a\u00e9rothermique fonctionne sur le principe d\u2019\u00e9change<br \/>\nd\u2019\u00e9nergies. Elle capte et amplifie les calories pr\u00e9sentes dans l\u2019air ext\u00e9rieur,<br \/>\nune source naturelle et in\u00e9puisable, puis les transf\u00e8re par circulation d\u2019eau<br \/>\nvers le chauffage de la maison.<br \/>\nLa pompe \u00e0 chaleur : un fonctionnement seul ou en compl\u00e9ment de votre<br \/>\nchaudi\u00e8re<\/p>\n<h2><span style=\"color: #008000;\">En rel\u00e8ve de chaudi\u00e8re<\/span><\/h2>\n<p>La pompe \u00e0 chaleur est configur\u00e9e en moyenne de fa\u00e7on \u00e0 couvrir 65 %<br \/>\ndes besoins annuels en chauffage. N\u00e9anmoins lorsque la temp\u00e9rature<br \/>\next\u00e9rieure est trop basse, votre chaudi\u00e8re \u00e0 fioul ou \u00e0 gaz reprend<br \/>\nautomatiquement son fonctionnement habituel dans le cas d\u2019une<br \/>\ninstallation en rel\u00e8ve de chaudi\u00e8re sinon c\u2019est l\u2019appoint \u00e9lectrique.<\/p>\n<p><a href=\"http:\/\/france-energy.com\/wp-content\/uploads\/2014\/07\/ALTHERMA-HYDRAULIQUE-fw.png\"><img decoding=\"async\" loading=\"lazy\" class=\"alignnone size-full wp-image-169\" src=\"http:\/\/france-energy.com\/wp-content\/uploads\/2014\/07\/ALTHERMA-HYDRAULIQUE-fw.png\" alt=\"ALTHERMA HYDRAULIQUE-fw\" width=\"1600\" height=\"790\" srcset=\"https:\/\/france-energy.com\/wp-content\/uploads\/2014\/07\/ALTHERMA-HYDRAULIQUE-fw.png 1600w, https:\/\/france-energy.com\/wp-content\/uploads\/2014\/07\/ALTHERMA-HYDRAULIQUE-fw-300x148.png 300w, https:\/\/france-energy.com\/wp-content\/uploads\/2014\/07\/ALTHERMA-HYDRAULIQUE-fw-1024x505.png 1024w\" sizes=\"(max-width: 1600px) 100vw, 1600px\" \/><\/a><\/p>\n<h2><span style=\"color: #008000;\">Fonctionnement seul<\/span><\/h2>\n<p>La pompe \u00e0 chaleur fonctionne de mani\u00e8re autonome, et produit toute<br \/>\nl\u2019eau chaude qui alimente votre circuit de chauffage et en option votre eau<br \/>\nchaude sanitaire. Elle est aussi \u00e9quip\u00e9e d\u2019un appoint \u00e9lectrique en cas de tr\u00e8s faibles temp\u00e9ratures.<\/p>\n<p><a href=\"http:\/\/france-energy.com\/wp-content\/uploads\/2014\/07\/monobloc-grande-puissance-fw.png\"><img decoding=\"async\" loading=\"lazy\" class=\"alignnone size-full wp-image-172\" src=\"http:\/\/france-energy.com\/wp-content\/uploads\/2014\/07\/monobloc-grande-puissance-fw.png\" alt=\"monobloc-grande puissance-fw\" width=\"1600\" height=\"500\" srcset=\"https:\/\/france-energy.com\/wp-content\/uploads\/2014\/07\/monobloc-grande-puissance-fw.png 1600w, https:\/\/france-energy.com\/wp-content\/uploads\/2014\/07\/monobloc-grande-puissance-fw-300x93.png 300w, https:\/\/france-energy.com\/wp-content\/uploads\/2014\/07\/monobloc-grande-puissance-fw-1024x320.png 1024w\" sizes=\"(max-width: 1600px) 100vw, 1600px\" \/><\/a><\/p>\n<p><img decoding=\"async\" loading=\"lazy\" class=\"alignnone wp-image-11 size-full\" src=\"http:\/\/france-energy.com\/wp-content\/uploads\/2014\/07\/08953026_PVI_0001_A636820_MA.jpg\" alt=\"\" width=\"273\" height=\"395\" srcset=\"https:\/\/france-energy.com\/wp-content\/uploads\/2014\/07\/08953026_PVI_0001_A636820_MA.jpg 273w, https:\/\/france-energy.com\/wp-content\/uploads\/2014\/07\/08953026_PVI_0001_A636820_MA-207x300.jpg 207w\" sizes=\"(max-width: 273px) 100vw, 273px\" \/><\/p>\n","protected":false},"excerpt":{"rendered":"<p>Termin\u00e9 les factures trop ch\u00e8res\u2026 Place \u00e0 l\u2019\u00e9nergie gratuite ! Chauffer sa maison aujourd\u2019hui en utilisant l\u2019air en remplacement du gaz. Aucune modification de votre syst\u00e8me de chauffage existant. France Energy propose une technologie de chauffage \u00e9conomique et \u00e9cologique puisqu\u2019elle utilise une \u00e9nergie gratuite, in\u00e9puisable et renouvelable : l\u2019air ext\u00e9rieur ! Une pompe \u00e0 chaleur [&hellip;]<\/p>\n","protected":false},"author":1,"featured_media":0,"parent":28,"menu_order":2,"comment_status":"open","ping_status":"open","template":"","meta":[],"_links":{"self":[{"href":"https:\/\/france-energy.com\/index.php?rest_route=\/wp\/v2\/pages\/84"}],"collection":[{"href":"https:\/\/france-energy.com\/index.php?rest_route=\/wp\/v2\/pages"}],"about":[{"href":"https:\/\/france-energy.com\/index.php?rest_route=\/wp\/v2\/types\/page"}],"author":[{"embeddable":true,"href":"https:\/\/france-energy.com\/index.php?rest_route=\/wp\/v2\/users\/1"}],"replies":[{"embeddable":true,"href":"https:\/\/france-energy.com\/index.php?rest_route=%2Fwp%2Fv2%2Fcomments&post=84"}],"version-history":[{"count":6,"href":"https:\/\/france-energy.com\/index.php?rest_route=\/wp\/v2\/pages\/84\/revisions"}],"predecessor-version":[{"id":573,"href":"https:\/\/france-energy.com\/index.php?rest_route=\/wp\/v2\/pages\/84\/revisions\/573"}],"up":[{"embeddable":true,"href":"https:\/\/france-energy.com\/index.php?rest_route=\/wp\/v2\/pages\/28"}],"wp:attachment":[{"href":"https:\/\/france-energy.com\/index.php?rest_route=%2Fwp%2Fv2%2Fmedia&parent=84"}],"curies":[{"name":"wp","href":"https:\/\/api.w.org\/{rel}","templated":true}]}}