{"id":93,"date":"2014-07-28T11:06:32","date_gmt":"2014-07-28T11:06:32","guid":{"rendered":"http:\/\/france-energy.com\/?page_id=93"},"modified":"2021-01-06T01:26:47","modified_gmt":"2021-01-06T01:26:47","slug":"le-poele-et-insert-a-granules","status":"publish","type":"page","link":"https:\/\/france-energy.com\/?page_id=93","title":{"rendered":"Le po\u00eale et chaudi\u00e8re \u00e0 granul\u00e9s"},"content":{"rendered":"<p>Le po\u00eale et insert \u00e0 granul\u00e9s<\/p>\n<p>C\u2019est le mode de chauffage le plus innovant et le plus \u00e9conomique du moment. Le combustible, ce sont des r\u00e9sidus de bois compress\u00e9s. 1 tonne de granul\u00e9s \u00e9quivalent \u00e0 10 st\u00e8res de bois de chauffage.<\/p>\n<h2><span style=\"color: #008000;\">Les avantages <canvas style=\"left: -7px; top: -2px; width: 44px; height: 27px;\" width=\"44\" height=\"27\"><\/canvas>:<\/span><\/h2>\n<p><span style=\"color: #008000;\">\u2022 Moins cher<\/span><\/p>\n<p><span style=\"color: #008000;\">\u2022<\/span><span style=\"color: #008000;\"> Plus facile \u00e0 stocker<\/span><\/p>\n<p><span style=\"color: #008000;\">\u2022 Un rendement jusqu\u2019\u00e0 90%<\/span><\/p>\n<p><span style=\"color: #008000;\">\u2022 Programmable \u00e0 l\u2019aide d\u2019une t\u00e9l\u00e9commande<\/span><\/p>\n<p><span style=\"color: #008000;\">\u2022 Pas de fum\u00e9e<\/span><\/p>\n<p><span style=\"color: #008000;\">\u2022 Manutention et usage facile<\/span><\/p>\n<p><span style=\"color: #008000;\">\u2022 Pas de poussi\u00e8re<\/span><\/p>\n<p><span style=\"color: #008000;\">\u2022 Chauffage \u00e9conomique et \u00e9cologique<\/span><\/p>\n<p><a href=\"http:\/\/france-energy.com\/wp-content\/uploads\/2014\/07\/poelea1.jpg\"><img decoding=\"async\" loading=\"lazy\" class=\"alignnone size-full wp-image-177\" src=\"http:\/\/france-energy.com\/wp-content\/uploads\/2014\/07\/poelea1.jpg\" alt=\"poelea1\" width=\"879\" height=\"400\" srcset=\"https:\/\/france-energy.com\/wp-content\/uploads\/2014\/07\/poelea1.jpg 879w, https:\/\/france-energy.com\/wp-content\/uploads\/2014\/07\/poelea1-300x136.jpg 300w\" sizes=\"(max-width: 879px) 100vw, 879px\" \/><\/a><\/p>\n<p><a href=\"http:\/\/france-energy.com\/wp-content\/uploads\/2014\/07\/france-energy-ppoele.png\"><img decoding=\"async\" loading=\"lazy\" class=\"alignnone size-full wp-image-179\" src=\"http:\/\/france-energy.com\/wp-content\/uploads\/2014\/07\/france-energy-ppoele.png\" alt=\"france energy ppoele\" width=\"879\" height=\"400\" srcset=\"https:\/\/france-energy.com\/wp-content\/uploads\/2014\/07\/france-energy-ppoele.png 879w, https:\/\/france-energy.com\/wp-content\/uploads\/2014\/07\/france-energy-ppoele-300x136.png 300w\" sizes=\"(max-width: 879px) 100vw, 879px\" \/><\/a><\/p>\n\n\n<p>Chaudi\u00e8re a granul\u00e9s<\/p>\n\n\n\n<div class=\"wp-block-media-text alignwide\"><figure class=\"wp-block-media-text__media\"><img decoding=\"async\" loading=\"lazy\" width=\"172\" height=\"296\" src=\"http:\/\/france-energy.com\/wp-content\/uploads\/2021\/01\/Image3-3.jpg\" alt=\"\" class=\"wp-image-520\"\/><\/figure><div class=\"wp-block-media-text__content\">\n<p>Cette chaudi\u00e8re pr\u00e9voit un syst\u00e8me \u00e9volu\u00e9 et automatique de nettoyage et de compactage des cendres qui permet de les \u00e9liminer une seule fois par trimestre. La chaudi\u00e8re est dot\u00e9e d\u2019un syst\u00e8me qui d\u00e9pose et compacte les cendres \u00e0 l\u2019int\u00e9rieur d\u2019un chariot pratique qui facilite les op\u00e9rations de vidage et d\u2019\u00e9vacuation. <\/p>\n\n\n\n<p style=\"text-align:left\"><strong>Thermostat programmable,<\/strong> <strong>Silo en toile de stockage pellet jusqu\u2019\u00e0 600kg,<\/strong> <strong>Chargement par trappe rapide, Wifi box disponible<\/strong><\/p>\n<\/div><\/div>\n\n\n\n<p><\/p>\n","protected":false},"excerpt":{"rendered":"<p>Le po\u00eale et insert \u00e0 granul\u00e9s C\u2019est le mode de chauffage le plus innovant et le plus \u00e9conomique du moment. Le combustible, ce sont des r\u00e9sidus de bois compress\u00e9s. 1 tonne de granul\u00e9s \u00e9quivalent \u00e0 10 st\u00e8res de bois de chauffage. Les avantages : \u2022 Moins cher \u2022 Plus facile \u00e0 stocker \u2022 Un rendement [&hellip;]<\/p>\n","protected":false},"author":1,"featured_media":0,"parent":28,"menu_order":5,"comment_status":"open","ping_status":"open","template":"","meta":[],"_links":{"self":[{"href":"https:\/\/france-energy.com\/index.php?rest_route=\/wp\/v2\/pages\/93"}],"collection":[{"href":"https:\/\/france-energy.com\/index.php?rest_route=\/wp\/v2\/pages"}],"about":[{"href":"https:\/\/france-energy.com\/index.php?rest_route=\/wp\/v2\/types\/page"}],"author":[{"embeddable":true,"href":"https:\/\/france-energy.com\/index.php?rest_route=\/wp\/v2\/users\/1"}],"replies":[{"embeddable":true,"href":"https:\/\/france-energy.com\/index.php?rest_route=%2Fwp%2Fv2%2Fcomments&post=93"}],"version-history":[{"count":8,"href":"https:\/\/france-energy.com\/index.php?rest_route=\/wp\/v2\/pages\/93\/revisions"}],"predecessor-version":[{"id":531,"href":"https:\/\/france-energy.com\/index.php?rest_route=\/wp\/v2\/pages\/93\/revisions\/531"}],"up":[{"embeddable":true,"href":"https:\/\/france-energy.com\/index.php?rest_route=\/wp\/v2\/pages\/28"}],"wp:attachment":[{"href":"https:\/\/france-energy.com\/index.php?rest_route=%2Fwp%2Fv2%2Fmedia&parent=93"}],"curies":[{"name":"wp","href":"https:\/\/api.w.org\/{rel}","templated":true}]}}