{"id":99,"date":"2014-07-28T11:40:07","date_gmt":"2014-07-28T11:40:07","guid":{"rendered":"http:\/\/france-energy.com\/?page_id=99"},"modified":"2016-03-25T14:39:09","modified_gmt":"2016-03-25T14:39:09","slug":"le-chauffe-eau-solaire-et-thermodynamique","status":"publish","type":"page","link":"https:\/\/france-energy.com\/?page_id=99","title":{"rendered":"Le chauffe-eau thermodynamique"},"content":{"rendered":"<p>Le confort procur\u00e9 par le chauffe-eau solaire thermodynamique France Energy fait partie de<br \/>\nnotre quotidien et la part d\u2019\u00e9nergie que cela repr\u00e9sente est loin d\u2019\u00eatre n\u00e9gligeable en terme<br \/>\nde budget. Le chauffe-eau thermodynamique \u00a0utilise la chaleur<br \/>\ndissip\u00e9e de l\u2019air.<br \/>\nIl permet de r\u00e9duire jusqu\u2019\u00e0 90 % les d\u00e9penses d\u2019\u00e9nergie li\u00e9e \u00e0 ce poste.<br \/>\nPour le neuf, comme pour la r\u00e9novation, le chauffe-eau thermodynamique<br \/>\nFrance Energy produit tout au long de l\u2019ann\u00e9e l\u2019eau chaude n\u00e9cessaire aux besoins de votre<br \/>\nfamille. Ind\u00e9pendant de votre syst\u00e8me de chauffage, il fonctionne sans solliciter l\u2019appoint d\u2019une<br \/>\nchaudi\u00e8re.<\/p>\n<h2><\/h2>\n<h2>Comment \u00e7a marche ?<\/h2>\n<p><a href=\"http:\/\/france-energy.com\/wp-content\/uploads\/2014\/07\/vue_interieure.jpg\"><img decoding=\"async\" loading=\"lazy\" class=\"alignnone size-full wp-image-184\" src=\"http:\/\/france-energy.com\/wp-content\/uploads\/2014\/07\/vue_interieure.jpg\" alt=\"vue_interieure\" width=\"1825\" height=\"1277\" srcset=\"https:\/\/france-energy.com\/wp-content\/uploads\/2014\/07\/vue_interieure.jpg 1825w, https:\/\/france-energy.com\/wp-content\/uploads\/2014\/07\/vue_interieure-300x209.jpg 300w, https:\/\/france-energy.com\/wp-content\/uploads\/2014\/07\/vue_interieure-1024x716.jpg 1024w\" sizes=\"(max-width: 1825px) 100vw, 1825px\" \/><\/a><\/p>\n<h3><strong><span style=\"color: #339966;\">Etape n\u00b01<\/span><\/strong><\/h3>\n<p>Le compresseur positionn\u00e9s sur le haut du ballon\u00a0captent les calories de l&rsquo;air ambiant.<\/p>\n<h3><strong><span style=\"color: #339966;\">Etape n\u00b02<\/span><\/strong><\/h3>\n<p>Les calories chauffent un fluide caloporteur anti-gel contenu dans les<br \/>\ncapteurs thermiques qui circule dans un circuit ferm\u00e9. Ce fluide est envoy\u00e9<br \/>\nvers un \u00e9changeur thermique qui se charge du transfert vers le ballon d\u2019eau<br \/>\nchaude sanitaire.<\/p>\n<h3><strong><span style=\"color: #339966;\">Etape n\u00b03<\/span><\/strong><\/h3>\n<p>Le fluide vient chauffer l\u2019eau chaude contenue dans le ballon. Ayant livr\u00e9 ses calories, le fluide repart vers le compresseur\u00a0o\u00f9 il est chauff\u00e9 de nouveau par l&rsquo;air.<\/p>\n<p><a href=\"http:\/\/france-energy.com\/wp-content\/uploads\/2014\/07\/Ballon-thermo2.jpg\"><img decoding=\"async\" loading=\"lazy\" class=\"alignnone size-full wp-image-182\" src=\"http:\/\/france-energy.com\/wp-content\/uploads\/2014\/07\/Ballon-thermo2.jpg\" alt=\"Ballon-thermo2\" width=\"900\" height=\"900\" srcset=\"https:\/\/france-energy.com\/wp-content\/uploads\/2014\/07\/Ballon-thermo2.jpg 900w, https:\/\/france-energy.com\/wp-content\/uploads\/2014\/07\/Ballon-thermo2-150x150.jpg 150w, https:\/\/france-energy.com\/wp-content\/uploads\/2014\/07\/Ballon-thermo2-300x300.jpg 300w\" sizes=\"(max-width: 900px) 100vw, 900px\" \/><\/a><\/p>\n<p>&nbsp;<\/p>\n<p>&nbsp;<\/p>\n","protected":false},"excerpt":{"rendered":"<p>Le confort procur\u00e9 par le chauffe-eau solaire thermodynamique France Energy fait partie de notre quotidien et la part d\u2019\u00e9nergie que cela repr\u00e9sente est loin d\u2019\u00eatre n\u00e9gligeable en terme de budget. Le chauffe-eau thermodynamique \u00a0utilise la chaleur dissip\u00e9e de l\u2019air. Il permet de r\u00e9duire jusqu\u2019\u00e0 90 % les d\u00e9penses d\u2019\u00e9nergie li\u00e9e \u00e0 ce poste. Pour le [&hellip;]<\/p>\n","protected":false},"author":1,"featured_media":0,"parent":28,"menu_order":6,"comment_status":"open","ping_status":"open","template":"","meta":[],"_links":{"self":[{"href":"https:\/\/france-energy.com\/index.php?rest_route=\/wp\/v2\/pages\/99"}],"collection":[{"href":"https:\/\/france-energy.com\/index.php?rest_route=\/wp\/v2\/pages"}],"about":[{"href":"https:\/\/france-energy.com\/index.php?rest_route=\/wp\/v2\/types\/page"}],"author":[{"embeddable":true,"href":"https:\/\/france-energy.com\/index.php?rest_route=\/wp\/v2\/users\/1"}],"replies":[{"embeddable":true,"href":"https:\/\/france-energy.com\/index.php?rest_route=%2Fwp%2Fv2%2Fcomments&post=99"}],"version-history":[{"count":7,"href":"https:\/\/france-energy.com\/index.php?rest_route=\/wp\/v2\/pages\/99\/revisions"}],"predecessor-version":[{"id":186,"href":"https:\/\/france-energy.com\/index.php?rest_route=\/wp\/v2\/pages\/99\/revisions\/186"}],"up":[{"embeddable":true,"href":"https:\/\/france-energy.com\/index.php?rest_route=\/wp\/v2\/pages\/28"}],"wp:attachment":[{"href":"https:\/\/france-energy.com\/index.php?rest_route=%2Fwp%2Fv2%2Fmedia&parent=99"}],"curies":[{"name":"wp","href":"https:\/\/api.w.org\/{rel}","templated":true}]}}